{"id":29323,"date":"2020-02-13T11:50:44","date_gmt":"2020-02-13T10:50:44","guid":{"rendered":"http:\/\/schopper-anr.org\/shopper-wp\/?page_id=29323"},"modified":"2023-05-23T13:49:20","modified_gmt":"2023-05-23T11:49:20","slug":"publications","status":"publish","type":"page","link":"http:\/\/schopper-anr.org\/shopper-wp\/publications\/","title":{"rendered":"Publications"},"content":{"rendered":"<p>[et_pb_section fb_built=\u00a0\u00bb1&Prime; inner_shadow=\u00a0\u00bbon\u00a0\u00bb fullwidth=\u00a0\u00bbon\u00a0\u00bb admin_label=\u00a0\u00bbsection\u00a0\u00bb _builder_version=\u00a0\u00bb4.16&Prime; background_color=\u00a0\u00bb#6aceb6&Prime; global_colors_info=\u00a0\u00bb{}\u00a0\u00bb][et_pb_fullwidth_header title=\u00a0\u00bbPublications\u00a0\u00bb _builder_version=\u00a0\u00bb4.16&Prime; background_color=\u00a0\u00bbrgba(255, 255, 255, 0)\u00a0\u00bb global_colors_info=\u00a0\u00bb{}\u00a0\u00bb button_one_text_size__hover_enabled=\u00a0\u00bboff\u00a0\u00bb button_two_text_size__hover_enabled=\u00a0\u00bboff\u00a0\u00bb button_one_text_color__hover_enabled=\u00a0\u00bboff\u00a0\u00bb button_two_text_color__hover_enabled=\u00a0\u00bboff\u00a0\u00bb button_one_border_width__hover_enabled=\u00a0\u00bboff\u00a0\u00bb button_two_border_width__hover_enabled=\u00a0\u00bboff\u00a0\u00bb button_one_border_color__hover_enabled=\u00a0\u00bboff\u00a0\u00bb button_two_border_color__hover_enabled=\u00a0\u00bboff\u00a0\u00bb button_one_border_radius__hover_enabled=\u00a0\u00bboff\u00a0\u00bb button_two_border_radius__hover_enabled=\u00a0\u00bboff\u00a0\u00bb button_one_letter_spacing__hover_enabled=\u00a0\u00bboff\u00a0\u00bb button_two_letter_spacing__hover_enabled=\u00a0\u00bboff\u00a0\u00bb button_one_bg_color__hover_enabled=\u00a0\u00bboff\u00a0\u00bb button_two_bg_color__hover_enabled=\u00a0\u00bboff\u00a0\u00bb]&nbsp;<br \/>\n[\/et_pb_fullwidth_header][\/et_pb_section][et_pb_section fb_built=\u00a0\u00bb1&Prime; admin_label=\u00a0\u00bbsection\u00a0\u00bb _builder_version=\u00a0\u00bb4.16&Prime; global_colors_info=\u00a0\u00bb{}\u00a0\u00bb][et_pb_row admin_label=\u00a0\u00bbrow\u00a0\u00bb _builder_version=\u00a0\u00bb4.16&Prime; background_size=\u00a0\u00bbinitial\u00a0\u00bb background_position=\u00a0\u00bbtop_left\u00a0\u00bb background_repeat=\u00a0\u00bbrepeat\u00a0\u00bb custom_padding=\u00a0\u00bb27px|0px|27px|0px|false|false\u00a0\u00bb global_colors_info=\u00a0\u00bb{}\u00a0\u00bb][et_pb_column type=\u00a0\u00bb4_4&Prime; _builder_version=\u00a0\u00bb4.16&Prime; custom_padding=\u00a0\u00bb|||\u00a0\u00bb global_colors_info=\u00a0\u00bb{}\u00a0\u00bb custom_padding__hover=\u00a0\u00bb|||\u00a0\u00bb][et_pb_text _builder_version=\u00a0\u00bb4.16&Prime; background_size=\u00a0\u00bbinitial\u00a0\u00bb background_position=\u00a0\u00bbtop_left\u00a0\u00bb background_repeat=\u00a0\u00bbrepeat\u00a0\u00bb text_orientation=\u00a0\u00bbcenter\u00a0\u00bb module_alignment=\u00a0\u00bbcenter\u00a0\u00bb global_colors_info=\u00a0\u00bb{}\u00a0\u00bb]<\/p>\n<h2>2023<\/h2>\n<p>[\/et_pb_text][et_pb_text _builder_version=\u00a0\u00bb4.21.0&Prime; background_size=\u00a0\u00bbinitial\u00a0\u00bb background_position=\u00a0\u00bbtop_left\u00a0\u00bb background_repeat=\u00a0\u00bbrepeat\u00a0\u00bb text_orientation=\u00a0\u00bbcenter\u00a0\u00bb custom_margin=\u00a0\u00bb||58px|||\u00a0\u00bb hover_enabled=\u00a0\u00bb0&Prime; global_colors_info=\u00a0\u00bb{}\u00a0\u00bb sticky_enabled=\u00a0\u00bb0&Prime; min_height=\u00a0\u00bb397.8px\u00a0\u00bb]<\/p>\n<div class=\"listCard__titleWrapper___saWeG\">\n<div class=\"listCardTitle___Vw_MA\" style=\"text-align: left;\"><span>Gr\u00e9goire S., Carrez P., Cordonnier G., Boulbes N., Lartigot-Campin A.S., Perrenoud C., Moigne A.M., Saos T., Chevalier T., Fontaneil C., Celiberti V., Pois V., Testu A., Chopinaud C., Boussard M., Quinio B., Harfouche A., Herv\u00e9 T., de Lumley M.A., de Lumley H. 2021. <strong>De la fouille \u00e0 la reconstitution des environnements et des comportements pr\u00e9historiques : l\u2019outil de recherche SCHOPPER, un syst\u00e8me immersif en aide \u00e0 la formulation d\u2019hypoth\u00e8ses scientifiques.<\/strong>\u00a0 Le r\u00e9el et le Virtuel, actes du congr\u00e8s de Marseille, 9-11 mai 2019. Publications du CTHS.<a href=\"http:\/\/schopper-anr.org\/shopper-wp\/wp-content\/uploads\/2023\/05\/cths-17193.pdf\"> T\u00e9l\u00e9charger le PDF ICI<\/a>. Et pour aller plus loin : <a href=\"https:\/\/books.openedition.org\/cths\/16583\">https:\/\/books.openedition.org\/cths\/16583<\/a><a href=\"http:\/\/schopper-anr.org\/shopper-wp\/wp-content\/uploads\/2021\/05\/Article-CTHS-Marseille-Gregoire-et-al.-2020a.pdf\">\u00a0<\/a><\/span><\/div>\n<p><\/br><\/p>\n<div class=\"listCardTitle___Vw_MA\" style=\"text-align: left;\"><span>Plan\u00e8te Arch\u00e9o sur Plan\u00e8te+ et MyCanal<\/span><\/div>\n<div class=\"listCardTitle___Vw_MA\" style=\"text-align: left;\"><span>Doc. Histoire, France,\u00a0<\/span><span><\/span><span>Episode 4<\/span><span><\/span><span><\/span><span><\/span><span><\/span><span><\/span><span><\/span><span><\/span><\/div>\n<div class=\"listCardTitle___Vw_MA\" style=\"text-align: left;\"><span><\/span><\/div>\n<div class=\"listCardSubtitle___DDORi\" style=\"text-align: left;\"><strong><a href=\"https:\/\/www.canalplus.com\/decouverte\/planete-archeo\/h\/20746421_50034\" target=\"_blank\" rel=\"noopener\" title=\"Faire parler l'invisble - documentaire\"><img loading=\"lazy\" decoding=\"async\" align=\"left\" style=\"margin-right: 8px;\" src=\"http:\/\/schopper-anr.org\/shopper-wp\/wp-content\/uploads\/2023\/02\/108816869.webp\" width=\"269\" height=\"152\" alt=\"\" class=\"wp-image-29520 alignnone size-full\" srcset=\"http:\/\/schopper-anr.org\/shopper-wp\/wp-content\/uploads\/2023\/02\/108816869.webp 460w, http:\/\/schopper-anr.org\/shopper-wp\/wp-content\/uploads\/2023\/02\/108816869-300x170.webp 300w\" sizes=\"auto, (max-width: 269px) 100vw, 269px\" \/><\/a>Faire parler l&rsquo;invisible<\/strong><\/div>\n<div class=\"meta--episode___GfsAl\" data-e2e=\"meta\" style=\"text-align: left;\">Les sciences et les nouvelles technologies appliqu\u00e9es \u00e0 l&rsquo;arch\u00e9ologie permettent d&rsquo;extraordinaires immersions dans le pass\u00e9. Alors que certains chercheurs parviennent \u00e0 retrouver des textes \u00e0 l&rsquo;int\u00e9rieur des rouleaux carbonis\u00e9s d&rsquo;Herculanum, &lsquo;autres retracent la vie des hommes ayant c\u00f4toy\u00e9 les derniers mammif\u00e8res g\u00e9ants.<\/div>\n<\/div>\n<p>&nbsp;[\/et_pb_text][et_pb_text _builder_version=\u00a0\u00bb4.16&Prime; background_size=\u00a0\u00bbinitial\u00a0\u00bb background_position=\u00a0\u00bbtop_left\u00a0\u00bb background_repeat=\u00a0\u00bbrepeat\u00a0\u00bb text_orientation=\u00a0\u00bbcenter\u00a0\u00bb module_alignment=\u00a0\u00bbcenter\u00a0\u00bb global_colors_info=\u00a0\u00bb{}\u00a0\u00bb]<\/p>\n<h2>2022<\/h2>\n<p>[\/et_pb_text][et_pb_text _builder_version=\u00a0\u00bb4.16&Prime; background_size=\u00a0\u00bbinitial\u00a0\u00bb background_position=\u00a0\u00bbtop_left\u00a0\u00bb background_repeat=\u00a0\u00bbrepeat\u00a0\u00bb text_orientation=\u00a0\u00bbcenter\u00a0\u00bb global_colors_info=\u00a0\u00bb{}\u00a0\u00bb]<\/p>\n<p style=\"text-align: left;\"><span><strong><img loading=\"lazy\" decoding=\"async\" align=\"left\" style=\"margin-right:8px\" src=\"http:\/\/schopper-anr.org\/shopper-wp\/wp-content\/uploads\/2022\/07\/LaRechercheTrim_13412_570_2207_2209_220616_Prehistoire_Couverture_light.jpg\" width=\"107\" height=\"141\" alt=\"\" class=\"wp-image-29491 alignnone size-full\" \/><br \/>\nLa pr\u00e9histoire revisit\u00e9e<\/strong><br \/>\n<a href=\"https:\/\/www.larecherche.fr\/parution\/trimestriel-570\">La Recherche, trimestriel N\u00b0570 dat\u00e9 juillet-septembre 2022<\/a><br \/>\nCRAFT.AI : une intelligence artificielle dans la grotte de Tautavel.<\/span><\/p>\n<p>&nbsp;[\/et_pb_text][et_pb_text _builder_version=\u00a0\u00bb4.16&Prime; background_size=\u00a0\u00bbinitial\u00a0\u00bb background_position=\u00a0\u00bbtop_left\u00a0\u00bb background_repeat=\u00a0\u00bbrepeat\u00a0\u00bb text_orientation=\u00a0\u00bbcenter\u00a0\u00bb module_alignment=\u00a0\u00bbcenter\u00a0\u00bb global_colors_info=\u00a0\u00bb{}\u00a0\u00bb]<\/p>\n<h2>2021<\/h2>\n<p>[\/et_pb_text][et_pb_text _builder_version=\u00a0\u00bb4.16&Prime; background_size=\u00a0\u00bbinitial\u00a0\u00bb background_position=\u00a0\u00bbtop_left\u00a0\u00bb background_repeat=\u00a0\u00bbrepeat\u00a0\u00bb text_orientation=\u00a0\u00bbcenter\u00a0\u00bb module_alignment=\u00a0\u00bbcenter\u00a0\u00bb global_colors_info=\u00a0\u00bb{}\u00a0\u00bb]<\/p>\n<p style=\"text-align: left;\">Consortium : Article de pr\u00e9sentation du projet global Schopper dans The Conversation. https:\/\/theconversation.com\/archeologie-une-immersion-dans-la-prehistoire-a-tautavel-grace-a-la-realite-virtuelle-et-a-lintelligence-artificielle-163378<\/p>\n<p style=\"text-align: left;\">\n<p style=\"text-align: left;\">Gr\u00e9goire S., Boulbes N., Quinio B., Boussard M., Chopinaud C., Moigne A.M., Testu A., Celiberti V., Fontaneil C., Perrenoud C., Lartigot Campin A.S., Saos S., Chevalier T., Pois V., de Lumley H., de Lumley M.A., Harfouche A., Marciniack R., Carrez P., Herv\u00e9 T. 2021. <strong>First results of an innovative multidisciplinary method using Machine Learning to define human behaviors and environment during the Caune de l&rsquo;Arago (Tautavel, France) Middle Pleistocene occupation<\/strong>. UISPP 18th world Congress, Paris. Big data and archaeology (Archaeopress 2021) : 28\u201347. <a href=\"http:\/\/schopper-anr.org\/shopper-wp\/wp-content\/uploads\/2021\/05\/Innovative_multidisciplinary_method_using_Machine.pdf\">T\u00e9l\u00e9charger le PDF<\/a><\/p>\n<p style=\"text-align: left;\">Kotras B., Pechpeyrou P., Quinio B. 2021. <strong>Indices , algorithmes et chasseurs cueilleurs, Hybridation et friction des \u00e9pist\u00e9mologies dans un dispositif d\u2019arch\u00e9ologie computationnelle<\/strong>. R\u00e9seaux n\u00b0 228\/2021. DOI: 10.3917\/res.228.0061<\/p>\n<p style=\"text-align: left;\">Harfouche A., Quinio B., Boulbes N., Boussard M., Gr\u00e9goire S. 2021. <span style=\"font-size: 14px; text-align: left;\"><strong>Toward a Theory of Informed Artificial Intelligence in Organizations: For an Integration of multidisciplinary knowledge.<\/strong> Journal of Enterprise Information Management. <\/span><em style=\"font-size: 14px; text-align: left;\">Publication accept\u00e9e<\/em><span style=\"font-size: 14px; text-align: left;\">.<\/span><\/p>\n<p style=\"text-align: left;\">Lartigot-Campin A. S., Boulbes N., Boussard M., Perrenoud C., Fontaneil C., Moigne A.M., Gr\u00e9goire S.\u00a0 2021. <strong>Prediction of past biomes from palynological data in archaeological context using Machine Learning: the sequence of Caune de l&rsquo;Arago (Middle Pleistocene, South of France). <\/strong><em>En pr\u00e9paration<\/em><\/p>\n<p style=\"text-align: left;\">Boulbes N. Boussard M., Moigne A.M., Testu A., Lebreton L., Constance H., Desclaux E., Perrenoud C., Lartigot-Campin A.S., Saos T., Fontaneil C., Gr\u00e9goire S. 2021. <strong>A new method based on Machine Learning to predict past climate and landscape with paleofauna. <\/strong><em>En pr\u00e9paration<\/em><\/p>\n<p style=\"text-align: left;\"><em>Ecormier-Nocca P., Cordonnier G., Carrez P., Moigne A.M., Memari P., Benes B., Cani M.P. 2021. <strong>Authoring Consistent Landscapes with Flora and Fauna. <\/strong>(<span>We introduce a method to author complex ecosystems on an input terrain. Our approach combines a consistent placement of plant species with animal activities and their impact on the landscape.<\/span>). <a href=\"https:\/\/s2021.siggraph.org\/presentation\/?id=papers_310&amp;sess=sess174\" target=\"_blank\" rel=\"noopener\" title=\"SIGGRAPH 2021\">Pr\u00e9sentation SIGGRAPH 2021 &#8211; Technical Paper<\/a><\/em><br \/><em><\/em><\/p>\n<p style=\"text-align: left;\">Ecormier-Nocca P., Cordonnier G., Carrez P., Moigne A.M., Memari P., Benes B., Cani M.P. 2021. <strong>Authoring Consistent Landscapes with Flora and Fauna. <\/strong>TOC (ACM Transactions on Graphics).\u00a0<a href=\"https:\/\/hal.inria.fr\/hal-03245206\">https:\/\/hal.inria.fr\/hal-03245206<\/a><br \/><em><\/em><\/p>\n<p>&nbsp;<\/p>\n<p>[\/et_pb_text][et_pb_text _builder_version=\u00a0\u00bb4.16&Prime; background_size=\u00a0\u00bbinitial\u00a0\u00bb background_position=\u00a0\u00bbtop_left\u00a0\u00bb background_repeat=\u00a0\u00bbrepeat\u00a0\u00bb text_orientation=\u00a0\u00bbcenter\u00a0\u00bb module_alignment=\u00a0\u00bbcenter\u00a0\u00bb global_colors_info=\u00a0\u00bb{}\u00a0\u00bb]<\/p>\n<h2>2020<\/h2>\n<p>[\/et_pb_text][et_pb_text _builder_version=\u00a0\u00bb4.16&Prime; background_size=\u00a0\u00bbinitial\u00a0\u00bb background_position=\u00a0\u00bbtop_left\u00a0\u00bb background_repeat=\u00a0\u00bbrepeat\u00a0\u00bb text_orientation=\u00a0\u00bbcenter\u00a0\u00bb module_alignment=\u00a0\u00bbcenter\u00a0\u00bb global_colors_info=\u00a0\u00bb{}\u00a0\u00bb]<\/p>\n<p style=\"text-align: left;\">\n<p style=\"text-align: left;\"><span style=\"font-size: 14px;\">Quinio B., Boulbes N., De Pechpeyrou P., Kotras B. 2020. <\/span><strong style=\"font-size: 14px;\">Use cases of virtual reality to visualize a database: how useful is VR for archaeology researchers? <\/strong><span style=\"font-size: 14px;\">Digital Tools &amp; Uses Congress (DTUC\u201920), October 15\u201317, 2020, Hammamet, Tunisia. ACM, New York, NY, USA, 8 p.<br \/><\/span><a href=\"http:\/\/www.digitaluses-congress.univ-paris8.fr\/Data-and-Digital-Humanities\" style=\"font-size: 14px;\">http:\/\/www.digitaluses-congress.univ-paris8.fr\/Data-and-Digital-Humanities<\/a><br \/><a href=\"https:\/\/zenodo.org\/record\/4060035#.X5kSzu3jKUk\" style=\"font-size: 14px;\">https:\/\/zenodo.org\/record\/4060035#.X5kSzu3jKUk<\/a>\u00a0<\/p>\n<p style=\"text-align: left;\"><span style=\"font-size: 14px; text-align: left;\"><\/span><\/p>\n<p style=\"text-align: left;\">\n<p style=\"text-align: left;\">Pechpeyrou de P., Boulbes N., Kotras B., Quinio B. 2020. <strong>Recourir \u00e0 des technologies immersives \u00e0 des fins de recherche : quand les frictions conduisent \u00e0 l\u2019appropriation.<\/strong> Acte du Colloque sur le marketing digital, 19\u00e8 \u00e9dition, 3 et 4 septembre 2020, Universit\u00e9 Paris 1 Panth\u00e9on-Sorbonne, Paris, France, 16 p.<br \/><a href=\"https:\/\/www.colloquemarketingdigital.com\/actes-2020\">https:\/\/www.colloquemarketingdigital.com\/actes-2020<\/a><a href=\"https:\/\/www.colloquemarketingdigital.com\/actes-2020\"><br \/><\/a><a href=\"https:\/\/hal.archives-ouvertes.fr\/hal-02956435\/\">https:\/\/hal.archives-ouvertes.fr\/hal-02956435\/<\/a><\/p>\n<p style=\"text-align: left;\">\n<p style=\"text-align: left;\">Travaux universitaires :<\/p>\n<p style=\"text-align: left;\">Le Cacheux J., 2020. <strong>Pal\u00e9oenvironnements pl\u00e9istoc\u00e8nes de la r\u00e9gion de Jungwon en Cor\u00e9e du Sud d&rsquo;apr\u00e8s l&rsquo;analyse des communaut\u00e9s animales &#8211; Application des mod\u00e8les Machine Learning d\u00e9velopp\u00e9s dans l&rsquo;ANR SCHOPPER. <\/strong>M\u00e9moire de recherche de Master 2 \u00ab Quaternaire, Pr\u00e9histoire et Bioarch\u00e9ologie \u00bb Mus\u00e9um national d\u2019Histoire naturelle, 84 p.<\/p>\n<p style=\"text-align: left;\">Boussaguet J. 2020. <strong>\u00c9valuer une explication d\u2019un mod\u00e8le dit bo\u00eete noire en apprentissage machine.<\/strong> M\u00e9moire de recherche de Master 2 \u00ab TIDE &#8211; Techniques d&rsquo;Information et Datascience en Entreprise \u00bb, 53 p. LIP6<\/p>\n<p style=\"text-align: left;\">\n<p style=\"text-align: left;\">\n<p style=\"text-align: left;\">Diffusion et valorisation :<\/p>\n<p style=\"text-align: left;\">Quinio B, Harfouche A. Quatre principes \u00e0 appliquer pour \u00e9viter un nouvel \u00ab hiver de l\u2019IA \u00bb, 18 f\u00e9vrier 2020 The Conversation\u00a0<br \/><a href=\"https:\/\/theconversation.com\/quatre-principes-a-appliquer-pour-eviter-un-nouvel-hiver-de-lia-131590\">https:\/\/theconversation.com\/quatre-principes-a-appliquer-pour-eviter-un-nouvel-hiver-de-lia-131590<\/a><\/p>\n<p>&nbsp;<\/p>\n<p>&nbsp;<\/p>\n<p>[\/et_pb_text][et_pb_text _builder_version=\u00a0\u00bb4.16&Prime; background_size=\u00a0\u00bbinitial\u00a0\u00bb background_position=\u00a0\u00bbtop_left\u00a0\u00bb background_repeat=\u00a0\u00bbrepeat\u00a0\u00bb text_orientation=\u00a0\u00bbcenter\u00a0\u00bb module_alignment=\u00a0\u00bbcenter\u00a0\u00bb global_colors_info=\u00a0\u00bb{}\u00a0\u00bb]<\/p>\n<h2>2019<\/h2>\n<p>[\/et_pb_text][et_pb_text _builder_version=\u00a0\u00bb4.16&Prime; background_size=\u00a0\u00bbinitial\u00a0\u00bb background_position=\u00a0\u00bbtop_left\u00a0\u00bb background_repeat=\u00a0\u00bbrepeat\u00a0\u00bb text_orientation=\u00a0\u00bbcenter\u00a0\u00bb module_alignment=\u00a0\u00bbcenter\u00a0\u00bb global_colors_info=\u00a0\u00bb{}\u00a0\u00bb]<\/p>\n<p style=\"text-align: left;\">Marciniak R., Harfouche A., Quinio B. 2019. \u201c<strong>The role of Artificial Intelligence in the dynamic evolution of organizational infrastructure<\/strong>\u201d, Congr\u00e8s Icto 2019 24 25 octobre Lille.<br \/><a href=\"https:\/\/icto2019.webs.com\/\">https:\/\/icto2019.webs.com\/<\/a><\/p>\n<p style=\"text-align: left;\">\n<p style=\"text-align: left;\">\n<p style=\"text-align: left;\">Quinio B., Harfouche A., Vialet C., Marciniak R. 2019. \u00ab <strong>La phase clef de pr\u00e9paration des donn\u00e9es dans un projet d\u2019Intelligence Artificielle<\/strong> \u00bb, Congr\u00e8s AIM 2019 \u2013 3 \u2013 5 juin 2019 Nantes<br \/><a href=\"https:\/\/hal.parisnanterre.fr\/hal-03110431\">https:\/\/hal.parisnanterre.fr\/hal-03110431<\/a><\/p>\n<p style=\"text-align: left;\">\n<p style=\"text-align: left;\">Gr\u00e9goire S., Carrez P., Cordonnier G., Boulbes N., Perrenoud C., Moigne A.-M., Saos T., Lartigot-Campin A.-S., Chevalier T., Celiberti V., Fontaneil C., Pois V., Testu A., Lumley (de) A.-M., Lumley (de) H. 2019. <strong>De la fouille \u00e0 la reconstitution des environnements et des comportements pr\u00e9historiques :\u00a0 l\u2019outil de recherche SCHOPPER, un syst\u00e8me immersif en aide \u00e0 la formulation d\u2019hypoth\u00e8ses scientifiques<\/strong>. 144\u00e8me Congr\u00e8s du C.T.H.S., Le r\u00e9el &amp; le virtuel, Marseille, 9-11 mai 2019.<br \/><a href=\"http:\/\/cths.fr\/co\/congres.php?id=169\" style=\"font-size: 14px;\">http:\/\/cths.fr\/co\/congres.php?id=169<\/a><\/p>\n<p style=\"text-align: left;\">\n<p style=\"text-align: left;\">\n<p style=\"text-align: left;\"><span style=\"text-decoration: underline;\"><em><strong>Travaux universitaires :<\/strong><\/em><\/span><\/p>\n<p style=\"text-align: left;\">Makovski M.-A. 2019. <strong>Mise en place d&rsquo;un r\u00e9f\u00e9rentiel sur les comportements des populations humaines actuelles et sub-actuelles pour la compr\u00e9hension de la mobilit\u00e9 et des types d\u2019habitat des chasseurs pal\u00e9olithiques (entre 600 000 et 400 000 ans bp) de la Caune de l\u2019Arago.<\/strong> M\u00e9moire de recherche de Master 1 de l\u2019universit\u00e9 de Perpignan Via Domitia. 49p.<\/p>\n<p style=\"text-align: left;\">\n<p>[\/et_pb_text][et_pb_text _builder_version=\u00a0\u00bb4.16&Prime; background_size=\u00a0\u00bbinitial\u00a0\u00bb background_position=\u00a0\u00bbtop_left\u00a0\u00bb background_repeat=\u00a0\u00bbrepeat\u00a0\u00bb text_orientation=\u00a0\u00bbcenter\u00a0\u00bb module_alignment=\u00a0\u00bbcenter\u00a0\u00bb global_colors_info=\u00a0\u00bb{}\u00a0\u00bb]<\/p>\n<h2>2018<\/h2>\n<p>[\/et_pb_text][et_pb_text _builder_version=\u00a0\u00bb4.16&Prime; background_size=\u00a0\u00bbinitial\u00a0\u00bb background_position=\u00a0\u00bbtop_left\u00a0\u00bb background_repeat=\u00a0\u00bbrepeat\u00a0\u00bb text_orientation=\u00a0\u00bbcenter\u00a0\u00bb module_alignment=\u00a0\u00bbcenter\u00a0\u00bb global_colors_info=\u00a0\u00bb{}\u00a0\u00bb]<\/p>\n<p style=\"text-align: left;\">Gr\u00e9goire S., Chopinaud C., Quinio B., Carrez P., Boulbes N., Boussard M., Celiberti V., Chevalier T., Fontaneil C., Harfouche A., Lartigot Campin A.S., Lumley de H., Lumley de M.A., Marciniac R., Moigne A.M., Perrenoud C., Pois V., Saos T., Skandrani S., Testu A. 2018 &#8211; <strong>Evaluation of the duration of the anthropic occupations and of the degree of mobility of human Middle Pleistocene populations at the Caune de l&rsquo;Arago (Tautavel, France). First results of an innovative multidisciplinary method using artificial intelligence and machine learning.<\/strong> Session III-1 : Big data, Data bases and Archaeology, XVIIIe Congr\u00e8s Union Internationale des Sciences Pr\u00e9historiques et Protohistoriques (UISPP), Paris, 4-9 Juin 2018.<\/p>\n<p style=\"text-align: left;\">\n<p style=\"text-align: left;\"><span style=\"text-decoration: underline;\"><em><strong>Diffusion et valorisation :<\/strong><\/em><\/span><\/p>\n<p style=\"text-align: left;\">Gr\u00e9goire S. 2018. <strong>Un projet novateur sur les premiers peuplements pr\u00e9historiques en M\u00e9diterran\u00e9e. Dossier la M\u00e9diterran\u00e9e, un terrain de recherches.<\/strong> Hors-s\u00e9rie Recherche UPVD #11 juillet 2018.<\/p>\n<p style=\"text-align: left;\">\n<p>[\/et_pb_text][et_pb_text _builder_version=\u00a0\u00bb4.16&Prime; background_size=\u00a0\u00bbinitial\u00a0\u00bb background_position=\u00a0\u00bbtop_left\u00a0\u00bb background_repeat=\u00a0\u00bbrepeat\u00a0\u00bb text_orientation=\u00a0\u00bbcenter\u00a0\u00bb module_alignment=\u00a0\u00bbcenter\u00a0\u00bb global_colors_info=\u00a0\u00bb{}\u00a0\u00bb]<\/p>\n<h2>2017<\/h2>\n<p>[\/et_pb_text][et_pb_text _builder_version=\u00a0\u00bb4.16&Prime; background_size=\u00a0\u00bbinitial\u00a0\u00bb background_position=\u00a0\u00bbtop_left\u00a0\u00bb background_repeat=\u00a0\u00bbrepeat\u00a0\u00bb text_orientation=\u00a0\u00bbcenter\u00a0\u00bb module_alignment=\u00a0\u00bbcenter\u00a0\u00bb global_colors_info=\u00a0\u00bb{}\u00a0\u00bb]<\/p>\n<p style=\"text-align: left;\">Quinio B, Harfouche A. Skandrani S Marciniak R (2017) \u00ab <strong>SCHOPPER Project<\/strong> \u00bb ; Icto 2017 ICTO2017, Universit\u00e9 Paris Ouest Nanterre La D\u00e9fense, March 16th and 17th, 2017.<br \/><a href=\"https:\/\/www.icto.info\/icto2017\">https:\/\/www.icto.info\/icto2017<\/a>.<\/p>\n<p style=\"text-align: left;\">\n<p style=\"text-align: left;\">Quinio B, Harfouche A. Skandrani S Marciniak R (2017) \u00ab <strong>Gestion d\u2019un projet innovant : le bon \u00e9quilibre entre augmentation et r\u00e9duction de la complexit\u00e9. Exemple du projet ANR Schopper<\/strong> \u00bb, 2e Colloque Management Identit\u00e9 L\u00e9gitimit\u00e9 (MIL), Les faces cach\u00e9es de l\u2019innovation ; mardi 28 novembre 2017 Nanterre.<br \/><a href=\"https:\/\/colloquemil.parisnanterre.fr\/\">https:\/\/colloquemil.parisnanterre.fr\/<\/a><\/p>\n<p style=\"text-align: left;\">\n<p style=\"text-align: left;\">Harfouche A., Quinio B., Skandrani S., Marciniak R. (2017) \u201c<strong>A Framework for Artificial Knowledge Creation in Organizations<\/strong>\u201d; Icis 2017; Thirty eighth International Conference on Information Systems, Seoul 2017.<br \/><a href=\"http:\/\/archives.aisconferences.org\/icis2017\/index.html\">http:\/\/archives.aisconferences.org\/icis2017\/index.html<\/a><\/p>\n<p>[\/et_pb_text][\/et_pb_column][\/et_pb_row][\/et_pb_section]<\/p>\n","protected":false},"excerpt":{"rendered":"<p>&nbsp; 2023 Gr\u00e9goire S., Carrez P., Cordonnier G., Boulbes N., Lartigot-Campin A.S., Perrenoud C., Moigne A.M., Saos T., Chevalier T., Fontaneil C., Celiberti V., Pois V., Testu A., Chopinaud C., Boussard M., Quinio B., Harfouche A., Herv\u00e9 T., de Lumley M.A., de Lumley H. 2021. De la fouille \u00e0 la reconstitution des environnements et des [&hellip;]<\/p>\n","protected":false},"author":1,"featured_media":0,"parent":0,"menu_order":0,"comment_status":"closed","ping_status":"closed","template":"","meta":{"_et_pb_use_builder":"on","_et_pb_old_content":"","_et_gb_content_width":"","footnotes":""},"class_list":["post-29323","page","type-page","status-publish","hentry"],"_links":{"self":[{"href":"http:\/\/schopper-anr.org\/shopper-wp\/wp-json\/wp\/v2\/pages\/29323","targetHints":{"allow":["GET"]}}],"collection":[{"href":"http:\/\/schopper-anr.org\/shopper-wp\/wp-json\/wp\/v2\/pages"}],"about":[{"href":"http:\/\/schopper-anr.org\/shopper-wp\/wp-json\/wp\/v2\/types\/page"}],"author":[{"embeddable":true,"href":"http:\/\/schopper-anr.org\/shopper-wp\/wp-json\/wp\/v2\/users\/1"}],"replies":[{"embeddable":true,"href":"http:\/\/schopper-anr.org\/shopper-wp\/wp-json\/wp\/v2\/comments?post=29323"}],"version-history":[{"count":53,"href":"http:\/\/schopper-anr.org\/shopper-wp\/wp-json\/wp\/v2\/pages\/29323\/revisions"}],"predecessor-version":[{"id":29534,"href":"http:\/\/schopper-anr.org\/shopper-wp\/wp-json\/wp\/v2\/pages\/29323\/revisions\/29534"}],"wp:attachment":[{"href":"http:\/\/schopper-anr.org\/shopper-wp\/wp-json\/wp\/v2\/media?parent=29323"}],"curies":[{"name":"wp","href":"https:\/\/api.w.org\/{rel}","templated":true}]}}