{"id":95,"date":"2018-03-21T14:48:27","date_gmt":"2018-03-21T13:48:27","guid":{"rendered":"http:\/\/schopper-anr.org\/shopper-wp\/?page_id=95"},"modified":"2018-07-30T17:09:29","modified_gmt":"2018-07-30T15:09:29","slug":"accueil","status":"publish","type":"page","link":"http:\/\/schopper-anr.org\/shopper-wp\/","title":{"rendered":"Accueil"},"content":{"rendered":"<p>[et_pb_section bb_built=\u00a0\u00bb1&Prime; _builder_version=\u00a0\u00bb3.0.47&Prime; next_background_color=\u00a0\u00bb#000000&Prime;][et_pb_row make_fullwidth=\u00a0\u00bbon\u00a0\u00bb parallax_method_1=\u00a0\u00bboff\u00a0\u00bb _builder_version=\u00a0\u00bb3.0.47&Prime; background_size=\u00a0\u00bbinitial\u00a0\u00bb background_position=\u00a0\u00bbtop_left\u00a0\u00bb background_repeat=\u00a0\u00bbrepeat\u00a0\u00bb][et_pb_column type=\u00a0\u00bb4_4&Prime;][et_pb_slider _builder_version=\u00a0\u00bb3.11&Prime; header_letter_spacing=\u00a0\u00bb18px\u00a0\u00bb animation_repeat=\u00a0\u00bbloop\u00a0\u00bb auto=\u00a0\u00bbon\u00a0\u00bb animation_duration=\u00a0\u00bb2000ms\u00a0\u00bb][et_pb_slide _builder_version=\u00a0\u00bb3.11&Prime; button_link=\u00a0\u00bb#\u00a0\u00bb background_color=\u00a0\u00bb#7EBEC5&Prime; use_background_color_gradient=\u00a0\u00bboff\u00a0\u00bb background_color_gradient_start=\u00a0\u00bb#2b87da\u00a0\u00bb background_color_gradient_end=\u00a0\u00bb#29c4a9&Prime; background_color_gradient_type=\u00a0\u00bblinear\u00a0\u00bb background_color_gradient_direction=\u00a0\u00bb180deg\u00a0\u00bb background_color_gradient_direction_radial=\u00a0\u00bbcenter\u00a0\u00bb background_color_gradient_start_position=\u00a0\u00bb0%\u00a0\u00bb background_color_gradient_end_position=\u00a0\u00bb100%\u00a0\u00bb background_color_gradient_overlays_image=\u00a0\u00bboff\u00a0\u00bb background_image=\u00a0\u00bbhttp:\/\/schopper-anr.org\/shopper-wp\/wp-content\/uploads\/2018\/07\/img_01.jpg\u00a0\u00bb parallax=\u00a0\u00bboff\u00a0\u00bb parallax_method=\u00a0\u00bbon\u00a0\u00bb background_size=\u00a0\u00bbcover\u00a0\u00bb background_position=\u00a0\u00bbcenter\u00a0\u00bb background_repeat=\u00a0\u00bbno-repeat\u00a0\u00bb background_blend=\u00a0\u00bbnormal\u00a0\u00bb allow_player_pause=\u00a0\u00bboff\u00a0\u00bb background_video_pause_outside_viewport=\u00a0\u00bbon\u00a0\u00bb use_bg_overlay=\u00a0\u00bboff\u00a0\u00bb use_text_overlay=\u00a0\u00bboff\u00a0\u00bb text_border_radius=\u00a0\u00bb3&Prime; alignment=\u00a0\u00bbcenter\u00a0\u00bb child_filter_hue_rotate=\u00a0\u00bb0deg\u00a0\u00bb child_filter_saturate=\u00a0\u00bb100%\u00a0\u00bb child_filter_brightness=\u00a0\u00bb100%\u00a0\u00bb child_filter_contrast=\u00a0\u00bb100%\u00a0\u00bb child_filter_invert=\u00a0\u00bb0%\u00a0\u00bb child_filter_sepia=\u00a0\u00bb0%\u00a0\u00bb child_filter_opacity=\u00a0\u00bb100%\u00a0\u00bb child_filter_blur=\u00a0\u00bb0px\u00a0\u00bb child_mix_blend_mode=\u00a0\u00bbnormal\u00a0\u00bb background_layout=\u00a0\u00bbdark\u00a0\u00bb text_shadow_style=\u00a0\u00bbnone\u00a0\u00bb header_text_shadow_style=\u00a0\u00bbnone\u00a0\u00bb body_text_shadow_style=\u00a0\u00bbnone\u00a0\u00bb custom_button=\u00a0\u00bboff\u00a0\u00bb button_bg_use_color_gradient=\u00a0\u00bboff\u00a0\u00bb button_bg_color_gradient_overlays_image=\u00a0\u00bboff\u00a0\u00bb button_use_icon=\u00a0\u00bbon\u00a0\u00bb button_on_hover=\u00a0\u00bbon\u00a0\u00bb button_text_shadow_style=\u00a0\u00bbnone\u00a0\u00bb box_shadow_style_button=\u00a0\u00bbnone\u00a0\u00bb \/][et_pb_slide _builder_version=\u00a0\u00bb3.11&Prime; button_link=\u00a0\u00bb#\u00a0\u00bb background_color=\u00a0\u00bb#7EBEC5&Prime; use_background_color_gradient=\u00a0\u00bboff\u00a0\u00bb background_color_gradient_start=\u00a0\u00bb#2b87da\u00a0\u00bb background_color_gradient_end=\u00a0\u00bb#29c4a9&Prime; background_color_gradient_type=\u00a0\u00bblinear\u00a0\u00bb background_color_gradient_direction=\u00a0\u00bb180deg\u00a0\u00bb background_color_gradient_direction_radial=\u00a0\u00bbcenter\u00a0\u00bb background_color_gradient_start_position=\u00a0\u00bb0%\u00a0\u00bb background_color_gradient_end_position=\u00a0\u00bb100%\u00a0\u00bb background_color_gradient_overlays_image=\u00a0\u00bboff\u00a0\u00bb background_image=\u00a0\u00bbhttp:\/\/schopper-anr.org\/shopper-wp\/wp-content\/uploads\/2018\/07\/img_03.jpg\u00a0\u00bb parallax=\u00a0\u00bboff\u00a0\u00bb parallax_method=\u00a0\u00bbon\u00a0\u00bb background_size=\u00a0\u00bbcover\u00a0\u00bb background_position=\u00a0\u00bbcenter\u00a0\u00bb background_repeat=\u00a0\u00bbno-repeat\u00a0\u00bb background_blend=\u00a0\u00bbnormal\u00a0\u00bb allow_player_pause=\u00a0\u00bboff\u00a0\u00bb background_video_pause_outside_viewport=\u00a0\u00bbon\u00a0\u00bb use_bg_overlay=\u00a0\u00bboff\u00a0\u00bb use_text_overlay=\u00a0\u00bboff\u00a0\u00bb text_border_radius=\u00a0\u00bb3&Prime; alignment=\u00a0\u00bbcenter\u00a0\u00bb child_filter_hue_rotate=\u00a0\u00bb0deg\u00a0\u00bb child_filter_saturate=\u00a0\u00bb100%\u00a0\u00bb child_filter_brightness=\u00a0\u00bb100%\u00a0\u00bb child_filter_contrast=\u00a0\u00bb100%\u00a0\u00bb child_filter_invert=\u00a0\u00bb0%\u00a0\u00bb child_filter_sepia=\u00a0\u00bb0%\u00a0\u00bb child_filter_opacity=\u00a0\u00bb100%\u00a0\u00bb child_filter_blur=\u00a0\u00bb0px\u00a0\u00bb child_mix_blend_mode=\u00a0\u00bbnormal\u00a0\u00bb background_layout=\u00a0\u00bbdark\u00a0\u00bb text_shadow_style=\u00a0\u00bbnone\u00a0\u00bb header_text_shadow_style=\u00a0\u00bbnone\u00a0\u00bb body_text_shadow_style=\u00a0\u00bbnone\u00a0\u00bb custom_button=\u00a0\u00bboff\u00a0\u00bb button_bg_use_color_gradient=\u00a0\u00bboff\u00a0\u00bb button_bg_color_gradient_overlays_image=\u00a0\u00bboff\u00a0\u00bb button_use_icon=\u00a0\u00bbon\u00a0\u00bb button_on_hover=\u00a0\u00bbon\u00a0\u00bb button_text_shadow_style=\u00a0\u00bbnone\u00a0\u00bb box_shadow_style_button=\u00a0\u00bbnone\u00a0\u00bb \/][et_pb_slide _builder_version=\u00a0\u00bb3.11&Prime; button_link=\u00a0\u00bb#\u00a0\u00bb background_color=\u00a0\u00bb#7EBEC5&Prime; use_background_color_gradient=\u00a0\u00bboff\u00a0\u00bb background_color_gradient_start=\u00a0\u00bb#2b87da\u00a0\u00bb background_color_gradient_end=\u00a0\u00bb#29c4a9&Prime; background_color_gradient_type=\u00a0\u00bblinear\u00a0\u00bb background_color_gradient_direction=\u00a0\u00bb180deg\u00a0\u00bb background_color_gradient_direction_radial=\u00a0\u00bbcenter\u00a0\u00bb background_color_gradient_start_position=\u00a0\u00bb0%\u00a0\u00bb background_color_gradient_end_position=\u00a0\u00bb100%\u00a0\u00bb background_color_gradient_overlays_image=\u00a0\u00bboff\u00a0\u00bb background_image=\u00a0\u00bbhttp:\/\/schopper-anr.org\/shopper-wp\/wp-content\/uploads\/2018\/07\/img_04.jpg\u00a0\u00bb parallax=\u00a0\u00bboff\u00a0\u00bb parallax_method=\u00a0\u00bbon\u00a0\u00bb background_size=\u00a0\u00bbcover\u00a0\u00bb background_position=\u00a0\u00bbcenter\u00a0\u00bb background_repeat=\u00a0\u00bbno-repeat\u00a0\u00bb background_blend=\u00a0\u00bbnormal\u00a0\u00bb allow_player_pause=\u00a0\u00bboff\u00a0\u00bb background_video_pause_outside_viewport=\u00a0\u00bbon\u00a0\u00bb use_bg_overlay=\u00a0\u00bboff\u00a0\u00bb use_text_overlay=\u00a0\u00bboff\u00a0\u00bb text_border_radius=\u00a0\u00bb3&Prime; alignment=\u00a0\u00bbcenter\u00a0\u00bb child_filter_hue_rotate=\u00a0\u00bb0deg\u00a0\u00bb child_filter_saturate=\u00a0\u00bb100%\u00a0\u00bb child_filter_brightness=\u00a0\u00bb100%\u00a0\u00bb child_filter_contrast=\u00a0\u00bb100%\u00a0\u00bb child_filter_invert=\u00a0\u00bb0%\u00a0\u00bb child_filter_sepia=\u00a0\u00bb0%\u00a0\u00bb child_filter_opacity=\u00a0\u00bb100%\u00a0\u00bb child_filter_blur=\u00a0\u00bb0px\u00a0\u00bb child_mix_blend_mode=\u00a0\u00bbnormal\u00a0\u00bb background_layout=\u00a0\u00bbdark\u00a0\u00bb text_shadow_style=\u00a0\u00bbnone\u00a0\u00bb header_text_shadow_style=\u00a0\u00bbnone\u00a0\u00bb body_text_shadow_style=\u00a0\u00bbnone\u00a0\u00bb custom_button=\u00a0\u00bboff\u00a0\u00bb button_bg_use_color_gradient=\u00a0\u00bboff\u00a0\u00bb button_bg_color_gradient_overlays_image=\u00a0\u00bboff\u00a0\u00bb button_use_icon=\u00a0\u00bbon\u00a0\u00bb button_on_hover=\u00a0\u00bbon\u00a0\u00bb button_text_shadow_style=\u00a0\u00bbnone\u00a0\u00bb box_shadow_style_button=\u00a0\u00bbnone\u00a0\u00bb \/][et_pb_slide _builder_version=\u00a0\u00bb3.11&Prime; button_link=\u00a0\u00bb#\u00a0\u00bb background_color=\u00a0\u00bb#7EBEC5&Prime; use_background_color_gradient=\u00a0\u00bboff\u00a0\u00bb background_color_gradient_start=\u00a0\u00bb#2b87da\u00a0\u00bb background_color_gradient_end=\u00a0\u00bb#29c4a9&Prime; background_color_gradient_type=\u00a0\u00bblinear\u00a0\u00bb background_color_gradient_direction=\u00a0\u00bb180deg\u00a0\u00bb background_color_gradient_direction_radial=\u00a0\u00bbcenter\u00a0\u00bb background_color_gradient_start_position=\u00a0\u00bb0%\u00a0\u00bb background_color_gradient_end_position=\u00a0\u00bb100%\u00a0\u00bb background_color_gradient_overlays_image=\u00a0\u00bboff\u00a0\u00bb background_image=\u00a0\u00bbhttp:\/\/schopper-anr.org\/shopper-wp\/wp-content\/uploads\/2018\/07\/img_05.jpg\u00a0\u00bb parallax=\u00a0\u00bboff\u00a0\u00bb parallax_method=\u00a0\u00bbon\u00a0\u00bb background_size=\u00a0\u00bbcover\u00a0\u00bb background_position=\u00a0\u00bbcenter\u00a0\u00bb background_repeat=\u00a0\u00bbno-repeat\u00a0\u00bb background_blend=\u00a0\u00bbnormal\u00a0\u00bb allow_player_pause=\u00a0\u00bboff\u00a0\u00bb background_video_pause_outside_viewport=\u00a0\u00bbon\u00a0\u00bb use_bg_overlay=\u00a0\u00bboff\u00a0\u00bb use_text_overlay=\u00a0\u00bboff\u00a0\u00bb text_border_radius=\u00a0\u00bb3&Prime; alignment=\u00a0\u00bbcenter\u00a0\u00bb child_filter_hue_rotate=\u00a0\u00bb0deg\u00a0\u00bb child_filter_saturate=\u00a0\u00bb100%\u00a0\u00bb child_filter_brightness=\u00a0\u00bb100%\u00a0\u00bb child_filter_contrast=\u00a0\u00bb100%\u00a0\u00bb child_filter_invert=\u00a0\u00bb0%\u00a0\u00bb child_filter_sepia=\u00a0\u00bb0%\u00a0\u00bb child_filter_opacity=\u00a0\u00bb100%\u00a0\u00bb child_filter_blur=\u00a0\u00bb0px\u00a0\u00bb child_mix_blend_mode=\u00a0\u00bbnormal\u00a0\u00bb background_layout=\u00a0\u00bbdark\u00a0\u00bb text_shadow_style=\u00a0\u00bbnone\u00a0\u00bb header_text_shadow_style=\u00a0\u00bbnone\u00a0\u00bb body_text_shadow_style=\u00a0\u00bbnone\u00a0\u00bb custom_button=\u00a0\u00bboff\u00a0\u00bb button_bg_use_color_gradient=\u00a0\u00bboff\u00a0\u00bb button_bg_color_gradient_overlays_image=\u00a0\u00bboff\u00a0\u00bb button_use_icon=\u00a0\u00bbon\u00a0\u00bb button_on_hover=\u00a0\u00bbon\u00a0\u00bb button_text_shadow_style=\u00a0\u00bbnone\u00a0\u00bb box_shadow_style_button=\u00a0\u00bbnone\u00a0\u00bb \/][et_pb_slide _builder_version=\u00a0\u00bb3.11&Prime; button_link=\u00a0\u00bb#\u00a0\u00bb background_color=\u00a0\u00bb#7EBEC5&Prime; use_background_color_gradient=\u00a0\u00bboff\u00a0\u00bb background_color_gradient_start=\u00a0\u00bb#2b87da\u00a0\u00bb background_color_gradient_end=\u00a0\u00bb#29c4a9&Prime; background_color_gradient_type=\u00a0\u00bblinear\u00a0\u00bb background_color_gradient_direction=\u00a0\u00bb180deg\u00a0\u00bb background_color_gradient_direction_radial=\u00a0\u00bbcenter\u00a0\u00bb background_color_gradient_start_position=\u00a0\u00bb0%\u00a0\u00bb background_color_gradient_end_position=\u00a0\u00bb100%\u00a0\u00bb background_color_gradient_overlays_image=\u00a0\u00bboff\u00a0\u00bb background_image=\u00a0\u00bbhttp:\/\/schopper-anr.org\/shopper-wp\/wp-content\/uploads\/2018\/07\/img_06.jpg\u00a0\u00bb parallax=\u00a0\u00bboff\u00a0\u00bb parallax_method=\u00a0\u00bbon\u00a0\u00bb background_size=\u00a0\u00bbcover\u00a0\u00bb background_position=\u00a0\u00bbcenter\u00a0\u00bb background_repeat=\u00a0\u00bbno-repeat\u00a0\u00bb background_blend=\u00a0\u00bbnormal\u00a0\u00bb allow_player_pause=\u00a0\u00bboff\u00a0\u00bb background_video_pause_outside_viewport=\u00a0\u00bbon\u00a0\u00bb use_bg_overlay=\u00a0\u00bboff\u00a0\u00bb use_text_overlay=\u00a0\u00bboff\u00a0\u00bb text_border_radius=\u00a0\u00bb3&Prime; alignment=\u00a0\u00bbcenter\u00a0\u00bb child_filter_hue_rotate=\u00a0\u00bb0deg\u00a0\u00bb child_filter_saturate=\u00a0\u00bb100%\u00a0\u00bb child_filter_brightness=\u00a0\u00bb100%\u00a0\u00bb child_filter_contrast=\u00a0\u00bb100%\u00a0\u00bb child_filter_invert=\u00a0\u00bb0%\u00a0\u00bb child_filter_sepia=\u00a0\u00bb0%\u00a0\u00bb child_filter_opacity=\u00a0\u00bb100%\u00a0\u00bb child_filter_blur=\u00a0\u00bb0px\u00a0\u00bb child_mix_blend_mode=\u00a0\u00bbnormal\u00a0\u00bb background_layout=\u00a0\u00bbdark\u00a0\u00bb text_shadow_style=\u00a0\u00bbnone\u00a0\u00bb header_text_shadow_style=\u00a0\u00bbnone\u00a0\u00bb body_text_shadow_style=\u00a0\u00bbnone\u00a0\u00bb custom_button=\u00a0\u00bboff\u00a0\u00bb button_bg_use_color_gradient=\u00a0\u00bboff\u00a0\u00bb button_bg_color_gradient_overlays_image=\u00a0\u00bboff\u00a0\u00bb button_use_icon=\u00a0\u00bbon\u00a0\u00bb button_on_hover=\u00a0\u00bbon\u00a0\u00bb button_text_shadow_style=\u00a0\u00bbnone\u00a0\u00bb box_shadow_style_button=\u00a0\u00bbnone\u00a0\u00bb \/][et_pb_slide _builder_version=\u00a0\u00bb3.11&Prime; button_link=\u00a0\u00bb#\u00a0\u00bb background_color=\u00a0\u00bb#7EBEC5&Prime; use_background_color_gradient=\u00a0\u00bboff\u00a0\u00bb background_color_gradient_start=\u00a0\u00bb#2b87da\u00a0\u00bb background_color_gradient_end=\u00a0\u00bb#29c4a9&Prime; background_color_gradient_type=\u00a0\u00bblinear\u00a0\u00bb background_color_gradient_direction=\u00a0\u00bb180deg\u00a0\u00bb background_color_gradient_direction_radial=\u00a0\u00bbcenter\u00a0\u00bb background_color_gradient_start_position=\u00a0\u00bb0%\u00a0\u00bb background_color_gradient_end_position=\u00a0\u00bb100%\u00a0\u00bb background_color_gradient_overlays_image=\u00a0\u00bboff\u00a0\u00bb background_image=\u00a0\u00bbhttp:\/\/schopper-anr.org\/shopper-wp\/wp-content\/uploads\/2018\/07\/img_07.jpg\u00a0\u00bb parallax=\u00a0\u00bboff\u00a0\u00bb parallax_method=\u00a0\u00bbon\u00a0\u00bb background_size=\u00a0\u00bbcover\u00a0\u00bb background_position=\u00a0\u00bbcenter\u00a0\u00bb background_repeat=\u00a0\u00bbno-repeat\u00a0\u00bb background_blend=\u00a0\u00bbnormal\u00a0\u00bb allow_player_pause=\u00a0\u00bboff\u00a0\u00bb background_video_pause_outside_viewport=\u00a0\u00bbon\u00a0\u00bb use_bg_overlay=\u00a0\u00bboff\u00a0\u00bb use_text_overlay=\u00a0\u00bboff\u00a0\u00bb text_border_radius=\u00a0\u00bb3&Prime; alignment=\u00a0\u00bbcenter\u00a0\u00bb child_filter_hue_rotate=\u00a0\u00bb0deg\u00a0\u00bb child_filter_saturate=\u00a0\u00bb100%\u00a0\u00bb child_filter_brightness=\u00a0\u00bb100%\u00a0\u00bb child_filter_contrast=\u00a0\u00bb100%\u00a0\u00bb child_filter_invert=\u00a0\u00bb0%\u00a0\u00bb child_filter_sepia=\u00a0\u00bb0%\u00a0\u00bb child_filter_opacity=\u00a0\u00bb100%\u00a0\u00bb child_filter_blur=\u00a0\u00bb0px\u00a0\u00bb child_mix_blend_mode=\u00a0\u00bbnormal\u00a0\u00bb background_layout=\u00a0\u00bbdark\u00a0\u00bb text_shadow_style=\u00a0\u00bbnone\u00a0\u00bb header_text_shadow_style=\u00a0\u00bbnone\u00a0\u00bb body_text_shadow_style=\u00a0\u00bbnone\u00a0\u00bb custom_button=\u00a0\u00bboff\u00a0\u00bb button_bg_use_color_gradient=\u00a0\u00bboff\u00a0\u00bb button_bg_color_gradient_overlays_image=\u00a0\u00bboff\u00a0\u00bb button_use_icon=\u00a0\u00bbon\u00a0\u00bb button_on_hover=\u00a0\u00bbon\u00a0\u00bb button_text_shadow_style=\u00a0\u00bbnone\u00a0\u00bb box_shadow_style_button=\u00a0\u00bbnone\u00a0\u00bb \/][\/et_pb_slider][\/et_pb_column][\/et_pb_row][\/et_pb_section][et_pb_section bb_built=\u00a0\u00bb1&Prime; admin_label=\u00a0\u00bbsection\u00a0\u00bb _builder_version=\u00a0\u00bb3.0.47&Prime; prev_background_color=\u00a0\u00bb#000000&Prime;][et_pb_row admin_label=\u00a0\u00bbrow\u00a0\u00bb _builder_version=\u00a0\u00bb3.0.47&Prime; background_size=\u00a0\u00bbinitial\u00a0\u00bb background_position=\u00a0\u00bbtop_left\u00a0\u00bb background_repeat=\u00a0\u00bbrepeat\u00a0\u00bb][et_pb_column type=\u00a0\u00bb4_4&Prime;][et_pb_text _builder_version=\u00a0\u00bb3.0.87&Prime; background_size=\u00a0\u00bbinitial\u00a0\u00bb background_position=\u00a0\u00bbtop_left\u00a0\u00bb background_repeat=\u00a0\u00bbrepeat\u00a0\u00bb use_border_color=\u00a0\u00bboff\u00a0\u00bb border_color=\u00a0\u00bb#ffffff\u00a0\u00bb border_style=\u00a0\u00bbsolid\u00a0\u00bb]<\/p>\n<p>R\u00e9sum\u00e9 du projet SCHOPPER<\/p>\n<p>L\u2019objectif du projet est de tester des hypoth\u00e8ses de comportements humains au Pal\u00e9olithique \u00e0 partir d\u2019une solution technologique innovante, un simulateur couplant un moteur d\u2019Intelligence Artificielle et un syst\u00e8me immersif restituant leur environnement.<\/p>\n<p>La Caune de l\u2019Arago \u00e0 Tautavel dans le Sud de la France, gisement du Pal\u00e9olithique inferieur d\u2019int\u00e9r\u00eat mondial, est le site pilote de ce projet.<\/p>\n<p>Le projet SCHOPPER regroupe 4 partenaires autour de la cr\u00e9ation et de l\u2019utilisation de ce simulateur.<\/p>\n<p>\u25cf Le Centre Europ\u00e9en de Recherche Pr\u00e9historique de Tautavel (CERPT, UMR 7194 HNHP, CNRS, MNHN, UPVD) est sp\u00e9cialis\u00e9 dans l\u2019\u00e9tude des peuplements du Pal\u00e9olithique inf\u00e9rieur et moyen en Europe m\u00e9diterran\u00e9enne. Elle dispose d\u2019une base de donn\u00e9es qui m\u00e9morise plus de 50 ann\u00e9es de fouilles \u00e0 la Caune de l\u2019Arago et les r\u00e9sultats de son \u00e9tude pluridisciplinaire.<\/p>\n<p>\u25cf Craft ai. est un \u00e9diteur de logiciels sp\u00e9cialis\u00e9s dans les outils et APIs pour la conception et l\u2019int\u00e9gration de solution d\u2019Intelligence Artificielle. Son moteur d\u2019IA fond\u00e9 sur des approches d\u2019apprentissage automatique pour le traitement de la donn\u00e9e appliqu\u00e9e en temps r\u00e9el et en continu. Il assure dans le projet la cr\u00e9ation d\u2019un outil pour la mod\u00e9lisation et la g\u00e9n\u00e9ration automatique de comportements.<\/p>\n<p>\u25cf Immersion-Tools travaille dans le domaine de la simulation physique et des interactions entre univers tangibles et univers virtuels. Il d\u00e9veloppe dans le projet des outils immersifs en r\u00e9alit\u00e9 virtuelle pour la reconstitution des environnements pal\u00e9olithiques et la simulation des comportements.<\/p>\n<p>\u25cf Le Centre d\u2019Etude et de Recherche sur les Organisations et la Strat\u00e9gie (CEROS, EA n\u00b04429) est un laboratoire de recherche en science de gestion de l\u2019Universit\u00e9 de Nanterre. Il a en charge l\u2019analyse des int\u00e9ractions des utilisateurs du simulateur et assure l\u2019int\u00e9gration des dispositifs techniques et des donn\u00e9es.<\/p>\n<p>[\/et_pb_text][et_pb_toggle title=\u00a0\u00bbPour en savoir plus\u00a0\u00bb _builder_version=\u00a0\u00bb3.0.87&Prime; background_size=\u00a0\u00bbinitial\u00a0\u00bb background_position=\u00a0\u00bbtop_left\u00a0\u00bb background_repeat=\u00a0\u00bbrepeat\u00a0\u00bb use_border_color=\u00a0\u00bboff\u00a0\u00bb border_color=\u00a0\u00bb#ffffff\u00a0\u00bb border_style=\u00a0\u00bbsolid\u00a0\u00bb]<\/p>\n<p>A l\u2019issue de 53 ans de fouilles, une quantit\u00e9 importante de donn\u00e9es brutes a \u00e9t\u00e9 acquise et de nombreuses bases de donn\u00e9es arch\u00e9om\u00e9triques ont \u00e9t\u00e9 d\u00e9velopp\u00e9es gr\u00e2ce \u00e0 l\u2019\u00e9tude du site de la Caune de l\u2019Arago dans son ensemble. Ce projet prend forme au moment o\u00f9 un travail monographique de synth\u00e8se s\u2019ach\u00e8ve (Lumley et al., 2015) et o\u00f9 les arch\u00e9ologues disposent d\u2019un recul suffisant sur leurs donn\u00e9es pour envisager l\u2019\u00e9tape suivante : l\u2019exploitation num\u00e9rique maximale des bases de donn\u00e9es.<\/p>\n<p>Aujourd\u2019hui, les hypoth\u00e8ses de recherche sur les comportements pr\u00e9historiques sont souvent test\u00e9es gr\u00e2ce \u00e0 des exp\u00e9rimentations dont les limites sont rapidement atteintes. Afin de d\u00e9passer ces limites, des solutions innovantes de Machine Learning (Craft ai.) et d\u2019immersion en r\u00e9alit\u00e9 virtuelle (Immersion-Tools) seront mises au point dans le cadre de ce projet, pour proposer de nouveaux moyens de visualisation des r\u00e9sultats scientifiques et d\u2019interaction avec l\u2019environnement, comme outil de recherche. Con\u00e7u pour \u00eatre utilis\u00e9 en totale autonomie par les arch\u00e9ologues, le simulateur proposera interactivit\u00e9, rapidit\u00e9 d\u2019ex\u00e9cution, capacit\u00e9s de gestion multiagents, multi-param\u00e8tres, \u00e9changes de r\u00e9sultats entre utilisateurs. Le test des hypoth\u00e8ses de recherches en interdisciplinarit\u00e9 sur les plates-formes devrait permettre d\u2019obtenir des r\u00e9sultats de premier plan sur la connaissance des comportements pal\u00e9olithiques. L\u2019approche m\u00e9thodologique de l\u2019utilisation du simulateur SCHOPPER sera assur\u00e9e par le CEROS et devra permettre de r\u00e9pliquer ce type d\u2019approche dans d\u2019autres contextes. Gr\u00e2ce \u00e0 ses qualit\u00e9s d\u00e9monstratives, immersives et exp\u00e9rientielles, ce simulateur pourra avoir une seconde application dans l&rsquo;enseignement, la formation universitaire et peut devenir un v\u00e9ritable outil p\u00e9dagogique et un m\u00e9dium de qualit\u00e9 dans un contexte mus\u00e9ographique, notamment lorsque dans le cadre des tests d\u2019hypoth\u00e8ses non orient\u00e9es, les chercheurs l\u2019exploiteront comme outil de crowdsourcing aupr\u00e8s d\u2019un public novice.<\/p>\n<p>[\/et_pb_toggle][\/et_pb_column][\/et_pb_row][\/et_pb_section]<\/p>\n","protected":false},"excerpt":{"rendered":"<p>R\u00e9sum\u00e9 du projet SCHOPPER L\u2019objectif du projet est de tester des hypoth\u00e8ses de comportements humains au Pal\u00e9olithique \u00e0 partir d\u2019une solution technologique innovante, un simulateur couplant un moteur d\u2019Intelligence Artificielle et un syst\u00e8me immersif restituant leur environnement. La Caune de l\u2019Arago \u00e0 Tautavel dans le Sud de la France, gisement du Pal\u00e9olithique inferieur d\u2019int\u00e9r\u00eat mondial, [&hellip;]<\/p>\n","protected":false},"author":1,"featured_media":0,"parent":0,"menu_order":0,"comment_status":"closed","ping_status":"closed","template":"","meta":{"_et_pb_use_builder":"on","_et_pb_old_content":"","_et_gb_content_width":"","footnotes":""},"class_list":["post-95","page","type-page","status-publish","hentry"],"_links":{"self":[{"href":"http:\/\/schopper-anr.org\/shopper-wp\/wp-json\/wp\/v2\/pages\/95","targetHints":{"allow":["GET"]}}],"collection":[{"href":"http:\/\/schopper-anr.org\/shopper-wp\/wp-json\/wp\/v2\/pages"}],"about":[{"href":"http:\/\/schopper-anr.org\/shopper-wp\/wp-json\/wp\/v2\/types\/page"}],"author":[{"embeddable":true,"href":"http:\/\/schopper-anr.org\/shopper-wp\/wp-json\/wp\/v2\/users\/1"}],"replies":[{"embeddable":true,"href":"http:\/\/schopper-anr.org\/shopper-wp\/wp-json\/wp\/v2\/comments?post=95"}],"version-history":[{"count":16,"href":"http:\/\/schopper-anr.org\/shopper-wp\/wp-json\/wp\/v2\/pages\/95\/revisions"}],"predecessor-version":[{"id":29125,"href":"http:\/\/schopper-anr.org\/shopper-wp\/wp-json\/wp\/v2\/pages\/95\/revisions\/29125"}],"wp:attachment":[{"href":"http:\/\/schopper-anr.org\/shopper-wp\/wp-json\/wp\/v2\/media?parent=95"}],"curies":[{"name":"wp","href":"https:\/\/api.w.org\/{rel}","templated":true}]}}